{"id":279315,"date":"2022-07-08T13:40:17","date_gmt":"2022-07-08T18:40:17","guid":{"rendered":"https:\/\/ebf25e71b2.nxcli.io\/fees\/"},"modified":"2025-06-17T14:41:05","modified_gmt":"2025-06-17T19:41:05","slug":"tarifas","status":"publish","type":"page","link":"https:\/\/ksi-kids.com\/es\/tarifas\/","title":{"rendered":"Tarifas"},"content":{"rendered":"<p>[et_pb_section fb_built=&#8221;1&#8243; fullwidth=&#8221;on&#8221; _builder_version=&#8221;4.16&#8243; _module_preset=&#8221;default&#8221; da_disable_devices=&#8221;off|off|off&#8221; global_colors_info=&#8221;{}&#8221; da_is_popup=&#8221;off&#8221; da_exit_intent=&#8221;off&#8221; da_has_close=&#8221;on&#8221; da_alt_close=&#8221;off&#8221; da_dark_close=&#8221;off&#8221; da_not_modal=&#8221;on&#8221; da_is_singular=&#8221;off&#8221; da_with_loader=&#8221;off&#8221; da_has_shadow=&#8221;on&#8221;][et_pb_fullwidth_slider _builder_version=&#8221;4.21.0&#8243; _module_preset=&#8221;default&#8221; background_image=&#8221;https:\/\/ksi-kids.com\/wp-content\/uploads\/2024\/09\/55.jpeg&#8221; height=&#8221;550px&#8221; height_tablet=&#8221;500px&#8221; height_phone=&#8221;350px&#8221; height_last_edited=&#8221;on|phone&#8221; global_colors_info=&#8221;{}&#8221;][et_pb_slide _builder_version=&#8221;4.19.4&#8243; _module_preset=&#8221;default&#8221; background_color=&#8221;#262453&#8243; background_enable_color=&#8221;on&#8221; background_image=&#8221;https:\/\/ksi-kids.com\/wp-content\/uploads\/2023\/01\/img-j.jpg&#8221; background_enable_image=&#8221;on&#8221; global_colors_info=&#8221;{}&#8221; sticky_transition=&#8221;on&#8221;][\/et_pb_slide][\/et_pb_fullwidth_slider][\/et_pb_section][et_pb_section fb_built=&#8221;1&#8243; _builder_version=&#8221;4.16&#8243; _module_preset=&#8221;default&#8221; da_disable_devices=&#8221;off|off|off&#8221; global_colors_info=&#8221;{}&#8221; da_is_popup=&#8221;off&#8221; da_exit_intent=&#8221;off&#8221; da_has_close=&#8221;on&#8221; da_alt_close=&#8221;off&#8221; da_dark_close=&#8221;off&#8221; da_not_modal=&#8221;on&#8221; da_is_singular=&#8221;off&#8221; da_with_loader=&#8221;off&#8221; da_has_shadow=&#8221;on&#8221;][et_pb_row use_custom_gutter=&#8221;on&#8221; make_equal=&#8221;on&#8221; _builder_version=&#8221;4.16&#8243; _module_preset=&#8221;default&#8221; width_tablet=&#8221;80%&#8221; width_phone=&#8221;80%&#8221; width_last_edited=&#8221;on|phone&#8221; custom_padding=&#8221;0px||0px|||&#8221; global_colors_info=&#8221;{}&#8221;][et_pb_column type=&#8221;4_4&#8243; _builder_version=&#8221;4.16&#8243; _module_preset=&#8221;default&#8221; global_colors_info=&#8221;{}&#8221;][et_pb_text _builder_version=&#8221;4.19.4&#8243; _module_preset=&#8221;default&#8221; text_font=&#8221;|600||on|||||&#8221; text_text_color=&#8221;#F57323&#8243; text_font_size=&#8221;12px&#8221; text_letter_spacing=&#8221;1px&#8221; custom_margin=&#8221;||10px||false|false&#8221; global_colors_info=&#8221;{}&#8221;]<\/p>\n<p>experiencia ksi<\/p>\n<p>[\/et_pb_text][et_pb_text _builder_version=&#8221;4.21.0&#8243; _module_preset=&#8221;default&#8221; header_text_align=&#8221;left&#8221; text_orientation=&#8221;center&#8221; custom_margin=&#8221;||10px||false|false&#8221; global_colors_info=&#8221;{}&#8221;]<\/p>\n<h1>24\/25 Tarifas.<\/h1>\n<p>[\/et_pb_text][\/et_pb_column][\/et_pb_row][et_pb_row _builder_version=&#8221;4.19.4&#8243; _module_preset=&#8221;default&#8221; global_colors_info=&#8221;{}&#8221;][et_pb_column type=&#8221;4_4&#8243; _builder_version=&#8221;4.19.4&#8243; _module_preset=&#8221;default&#8221; global_colors_info=&#8221;{}&#8221;][difl_advancedtab tab_animation=&#8221;slide_up&#8221; use_sticky_nav=&#8221;off&#8221; nav_item_bgcolor=&#8221;#F3F3F3&#8243; nav_item_use_gradient=&#8221;on&#8221; nav_item_color_gradient_1=&#8221;#F57323&#8243; nav_item_color_gradient_2=&#8221;#F57323&#8243; nav_item_size_width=&#8221;100%&#8221; nav_item_size_height=&#8221;5%&#8221; nav_item_background_image_position=&#8221;custom&#8221; nav_item_position_vertical=&#8221;71px&#8221; nav_item_active_use_gradient=&#8221;on&#8221; nav_item_active_color_gradient_1=&#8221;#F57323&#8243; nav_item_active_color_gradient_2=&#8221;#F57323&#8243; nav_item_active_background_image_size=&#8221;custom&#8221; nav_item_active_size_width=&#8221;100%&#8221; nav_item_active_size_height=&#8221;100%&#8221; nav_item_active_background_image_position=&#8221;bottom_left&#8221; icon_color=&#8221;#0586C7&#8243; icon_color_active=&#8221;#ffffff&#8221; icon_size=&#8221;30px&#8221; icon_placement=&#8221;flex_left&#8221; icon_align=&#8221;center&#8221; use_active_arrow=&#8221;on&#8221; active_arrow_color=&#8221;#F57323&#8243; arrow_align=&#8221;center&#8221; nav_wrapper_margin_tablet=&#8221;|18px||18px|false|true&#8221; nav_wrapper_margin_phone=&#8221;&#8221; nav_wrapper_margin_last_edited=&#8221;on|tablet&#8221; at_content_wrapper_margin_tablet=&#8221;&#8221; at_content_wrapper_margin_phone=&#8221;&#8221; at_content_wrapper_margin_last_edited=&#8221;on|phone&#8221; at_content_wrapper_padding=&#8221;26px||26px||true|false&#8221; at_content_wrapper_padding_tablet=&#8221;&#8221; at_content_wrapper_padding_phone=&#8221;0px||0px||true|false&#8221; at_content_wrapper_padding_last_edited=&#8221;on|phone&#8221; image_wrapper_margin_tablet=&#8221;&#8221; image_wrapper_margin_phone=&#8221;||20px||false|false&#8221; image_wrapper_margin_last_edited=&#8221;on|phone&#8221; nav_item_margin=&#8221;|10px||10px|false|true&#8221; nav_item_margin_tablet=&#8221;|10px|11px|10px|false|true&#8221; nav_item_margin_phone=&#8221;&#8221; nav_item_margin_last_edited=&#8221;on|tablet&#8221; nav_item_padding=&#8221;22px|0px|22px|0px|true|true&#8221; nav_item_last_margin=&#8221;||||false|false&#8221; nav_icon_margin=&#8221;||||false|false&#8221; icon_placement_tablet=&#8221;flex_left&#8221; icon_placement_phone=&#8221;&#8221; icon_placement_last_edited=&#8221;on|tablet&#8221; _builder_version=&#8221;4.21.0&#8243; _module_preset=&#8221;default&#8221; title_font=&#8221;|||on|||||&#8221; title_text_align=&#8221;left&#8221; title_active_text_color=&#8221;#ffffff&#8221; border_radii=&#8221;on|5px|5px|5px|5px&#8221; border_width_all=&#8221;0px&#8221; border_color_all=&#8221;#e02b20&#8243; border_radii_nav_item=&#8221;on|4px|4px|4px|4px&#8221; locked=&#8221;off&#8221; global_colors_info=&#8221;{}&#8221; nav_item_color_gradient_1__hover_enabled=&#8221;off|desktop&#8221; nav_item_color_gradient_2__hover_enabled=&#8221;off|desktop&#8221; nav_item_size_height__hover_enabled=&#8221;on|desktop&#8221; nav_item_size_height__hover=&#8221;5%&#8221;][difl_advancedtabitem title=&#8221;Guaymaral&#8221; use_icon=&#8221;off&#8221; img_placement=&#8221;flex_left&#8221; at_button_button_text=&#8221;Programas&#8221; at_button_button_url=&#8221;\/es\/programas\/&#8221; at_button_button_url_new_window=&#8221;1&#8243; button_bgcolor=&#8221;#F57323&#8243; button_margin=&#8221;14px||||false|false&#8221; button_padding=&#8221;10px|20px|10px|20px|true|true&#8221; content_padding=&#8221;||||false|false&#8221; content_padding_tablet=&#8221;&#8221; content_padding_phone=&#8221;|||0px|false|false&#8221; content_padding_last_edited=&#8221;on|phone&#8221; _builder_version=&#8221;4.21.0&#8243; _module_preset=&#8221;default&#8221; title_font=&#8221;|300||on|||||&#8221; text_font=&#8221;|300|||||||&#8221; text_font_size=&#8221;15px&#8221; text_line_height=&#8221;1.8em&#8221; header_3_line_height=&#8221;1.2em&#8221; header_4_font=&#8221;Nunito||||||||&#8221; header_4_text_color=&#8221;#000000&#8243; header_4_font_size=&#8221;40px&#8221; header_4_line_height=&#8221;1.1em&#8221; header_5_font=&#8221;Nunito||||||||&#8221; header_5_text_color=&#8221;#000000&#8243; header_5_font_size=&#8221;25px&#8221; button_font=&#8221;|300||on|||||&#8221; button_text_color=&#8221;#F3F3F3&#8243; custom_margin=&#8221;||0px||false|false&#8221; custom_padding=&#8221;19px|14px|19px|14px|true|true&#8221; header_4_font_size_tablet=&#8221;&#8221; header_4_font_size_phone=&#8221;26px&#8221; header_4_font_size_last_edited=&#8221;on|phone&#8221; header_3_text_shadow_style=&#8221;preset5&#8243; header_3_text_shadow_color=&#8221;RGBA(255,255,255,0)&#8221; border_radii_button=&#8221;on|5px|5px|5px|5px&#8221; global_colors_info=&#8221;{}&#8221;]<\/p>\n<h2>KidS (10 meses &#8211; 3 a\u00f1os )<\/h2>\n<div id=\"footable_parent_278896\"\n         class=\" footable_parent ninja_table_wrapper loading_ninja_table wp_table_data_press_parent semantic_ui colored_table\">\n                <table data-ninja_table_instance=\"ninja_table_instance_0\" data-footable_id=\"278896\" data-filter-delay=\"1000\" aria-label=\"Quinta Camacho Fees 1-4\"            id=\"footable_278896\"\n           data-unique_identifier=\"ninja_table_unique_id_3690625938_278896\"\n           class=\" foo-table ninja_footable foo_table_278896 ninja_table_unique_id_3690625938_278896 ui table  nt_type_legacy_table vertical_centered ninja_custom_color inverted footable-paging-right ninja_table_search_disabled ninja_table_pro\">\n                <colgroup>\n                            <col class=\"ninja_column_0 \">\n                            <col class=\"ninja_column_1 \">\n                    <\/colgroup>\n        <thead>\n<tr class=\"footable-header\">\n                                        <th scope=\"col\"  class=\"ninja_column_0 ninja_clmn_nm_week \">Programme<\/th><th scope=\"col\"  class=\"ninja_column_1 ninja_clmn_nm_session_times_guaymaral \">Price (Columbian Pesos)<\/th><\/tr>\n<\/thead>\n<tbody>\n\n        <tr data-row_id=\"122\" class=\"ninja_table_row_0 nt_row_id_122\">\n            <td>Part Time Programme (9:00 am-11:30am)<\/td><td>$1.350.000 \/month<\/td>        <\/tr>\n            <tr data-row_id=\"54\" class=\"ninja_table_row_1 nt_row_id_54\">\n            <td>Full Day (9:00am-2:00pm) <\/td><td>$1.802.000 \/month<\/td>        <\/tr>\n    <\/tbody><!--ninja_tobody_rendering_done-->\n    <\/table>\n    \n    \n    \n<\/div>\n\n<div id=\"footable_parent_279262\"\n         class=\" footable_parent ninja_table_wrapper loading_ninja_table wp_table_data_press_parent semantic_ui colored_table\">\n                <table data-ninja_table_instance=\"ninja_table_instance_1\" data-footable_id=\"279262\" data-filter-delay=\"1000\" aria-label=\"Quinta Camacho Fees 1-4( additional )\"            id=\"footable_279262\"\n           data-unique_identifier=\"ninja_table_unique_id_2149732389_279262\"\n           class=\" foo-table ninja_footable foo_table_279262 ninja_table_unique_id_2149732389_279262 ui table  nt_type_legacy_table vertical_centered ninja_custom_color inverted footable-paging-right ninja_table_search_disabled ninja_table_pro\">\n                <colgroup>\n                            <col class=\"ninja_column_0 \">\n                            <col class=\"ninja_column_1 \">\n                    <\/colgroup>\n        <thead>\n<tr class=\"footable-header\">\n                                        <th scope=\"col\"  class=\"ninja_column_0 ninja_clmn_nm_week \">Additional Costs<\/th><th scope=\"col\"  class=\"ninja_column_1 ninja_clmn_nm_session_times_guaymaral \">Price (Columbian Pesos)<\/th><\/tr>\n<\/thead>\n<tbody>\n\n        <tr data-row_id=\"80\" class=\"ninja_table_row_0 nt_row_id_80\">\n            <td>Registration<\/td><td>$2.146.500 \/year <\/td>        <\/tr>\n            <tr data-row_id=\"81\" class=\"ninja_table_row_1 nt_row_id_81\">\n            <td>Materials<\/td><td>$2.146.500 \/year <\/td>        <\/tr>\n            <tr data-row_id=\"82\" class=\"ninja_table_row_2 nt_row_id_82\">\n            <td>Accident Insurance<\/td><td>$87.500 \/year<\/td>        <\/tr>\n    <\/tbody><!--ninja_tobody_rendering_done-->\n    <\/table>\n    \n    \n    \n<\/div>\n\n<p>&nbsp;<\/p>\n<p>[\/difl_advancedtabitem][difl_advancedtabitem title=&#8221;Guaymaral (Growing Minds)&#8221; use_icon=&#8221;off&#8221; img_placement=&#8221;flex_left&#8221; at_button_button_text=&#8221;programas&#8221; at_button_button_url=&#8221;\/es\/programas\/&#8221; at_button_button_url_new_window=&#8221;1&#8243; button_bgcolor=&#8221;#F57323&#8243; button_margin=&#8221;14px||||false|false&#8221; button_padding=&#8221;10px|20px|10px|20px|true|true&#8221; content_padding=&#8221;||||false|false&#8221; content_padding_tablet=&#8221;&#8221; content_padding_phone=&#8221;|||0px|false|false&#8221; content_padding_last_edited=&#8221;on|phone&#8221; _builder_version=&#8221;4.21.0&#8243; _module_preset=&#8221;default&#8221; title_font=&#8221;|300||on|||||&#8221; text_font=&#8221;|300|||||||&#8221; text_font_size=&#8221;15px&#8221; text_line_height=&#8221;1.8em&#8221; header_3_line_height=&#8221;1.2em&#8221; header_4_font=&#8221;Nunito||||||||&#8221; header_4_text_color=&#8221;#000000&#8243; header_4_font_size=&#8221;40px&#8221; header_4_line_height=&#8221;1.1em&#8221; header_5_font=&#8221;Nunito||||||||&#8221; header_5_text_color=&#8221;#000000&#8243; header_5_font_size=&#8221;25px&#8221; button_font=&#8221;|300||on|||||&#8221; button_text_color=&#8221;#F3F3F3&#8243; custom_margin=&#8221;||0px||false|false&#8221; custom_padding=&#8221;19px|14px|19px|14px|true|true&#8221; header_4_font_size_tablet=&#8221;&#8221; header_4_font_size_phone=&#8221;26px&#8221; header_4_font_size_last_edited=&#8221;on|phone&#8221; header_3_text_shadow_style=&#8221;preset5&#8243; header_3_text_shadow_color=&#8221;RGBA(255,255,255,0)&#8221; border_radii_button=&#8221;on|5px|5px|5px|5px&#8221; global_colors_info=&#8221;{}&#8221;]<\/p>\n<h2>KidS (ages 4-5)<\/h2>\n<div id=\"footable_parent_278898\"\n         class=\" footable_parent ninja_table_wrapper loading_ninja_table wp_table_data_press_parent semantic_ui colored_table\">\n                <table data-ninja_table_instance=\"ninja_table_instance_2\" data-footable_id=\"278898\" data-filter-delay=\"1000\" aria-label=\"Guaymaral Fees 1-4\"            id=\"footable_278898\"\n           data-unique_identifier=\"ninja_table_unique_id_3927009591_278898\"\n           class=\" foo-table ninja_footable foo_table_278898 ninja_table_unique_id_3927009591_278898 ui table  nt_type_legacy_table vertical_centered ninja_custom_color inverted footable-paging-right ninja_table_search_disabled ninja_table_pro\">\n                <colgroup>\n                            <col class=\"ninja_column_0 \">\n                            <col class=\"ninja_column_1 \">\n                    <\/colgroup>\n        <thead>\n<tr class=\"footable-header\">\n                                        <th scope=\"col\"  class=\"ninja_column_0 ninja_clmn_nm_week \">Tuition Cost<\/th><th scope=\"col\"  class=\"ninja_column_1 ninja_clmn_nm_session_times_guaymaral \">Price (Columbian Pesos)<\/th><\/tr>\n<\/thead>\n<tbody>\n\n        <tr data-row_id=\"68\" class=\"ninja_table_row_0 nt_row_id_68\">\n            <td>Full Day (9:00am-2:00pm) *New Programme<\/td><td>$2.200.000 \/month<\/td>        <\/tr>\n    <\/tbody><!--ninja_tobody_rendering_done-->\n    <\/table>\n    \n    \n    \n<\/div>\n\n<div id=\"footable_parent_284997\"\n         class=\" footable_parent ninja_table_wrapper loading_ninja_table wp_table_data_press_parent semantic_ui colored_table\">\n                <table data-ninja_table_instance=\"ninja_table_instance_3\" data-footable_id=\"284997\" data-filter-delay=\"1000\" aria-label=\"Guaymaral Fees 1-4( additional)\"            id=\"footable_284997\"\n           data-unique_identifier=\"ninja_table_unique_id_2138037838_284997\"\n           class=\" foo-table ninja_footable foo_table_284997 ninja_table_unique_id_2138037838_284997 ui table  nt_type_legacy_table vertical_centered ninja_custom_color inverted footable-paging-right ninja_table_search_disabled ninja_table_pro\">\n                <colgroup>\n                            <col class=\"ninja_column_0 \">\n                            <col class=\"ninja_column_1 \">\n                    <\/colgroup>\n        <thead>\n<tr class=\"footable-header\">\n                                        <th scope=\"col\"  class=\"ninja_column_0 ninja_clmn_nm_week \">Additional Costs<\/th><th scope=\"col\"  class=\"ninja_column_1 ninja_clmn_nm_session_times_guaymaral \">Price (Columbian Pesos)<\/th><\/tr>\n<\/thead>\n<tbody>\n\n        <tr data-row_id=\"117\" class=\"ninja_table_row_0 nt_row_id_117\">\n            <td>Registration<\/td><td>$1.100.000 \/semester<\/td>        <\/tr>\n            <tr data-row_id=\"118\" class=\"ninja_table_row_1 nt_row_id_118\">\n            <td>Materials<\/td><td>$1.100.000 \/semester <\/td>        <\/tr>\n            <tr data-row_id=\"119\" class=\"ninja_table_row_2 nt_row_id_119\">\n            <td>Accident Insurance<\/td><td>$87.500 \/year<\/td>        <\/tr>\n    <\/tbody><!--ninja_tobody_rendering_done-->\n    <\/table>\n    \n    \n    \n<\/div>\n\n<p>[\/difl_advancedtabitem][\/difl_advancedtab][\/et_pb_column][\/et_pb_row][et_pb_row _builder_version=&#8221;4.18.0&#8243; _module_preset=&#8221;default&#8221; global_colors_info=&#8221;{}&#8221;][et_pb_column type=&#8221;4_4&#8243; _builder_version=&#8221;4.18.0&#8243; _module_preset=&#8221;default&#8221; global_colors_info=&#8221;{}&#8221;][et_pb_accordion open_toggle_text_color=&#8221;#0586C7&#8243; open_toggle_background_color=&#8221;#F3F3F3&#8243; closed_toggle_text_color=&#8221;#262453&#8243; closed_toggle_background_color=&#8221;#F3F3F3&#8243; icon_color=&#8221;#F57323&#8243; _builder_version=&#8221;4.21.0&#8243; _module_preset=&#8221;default&#8221; body_font=&#8221;|300|||||||&#8221; hover_enabled=&#8221;0&#8243; border_radii=&#8221;on|10px|10px|10px|10px&#8221; border_width_all=&#8221;0px&#8221; global_colors_info=&#8221;{}&#8221; sticky_enabled=&#8221;0&#8243;][et_pb_accordion_item title=&#8221;Mensualidad&#8221; open=&#8221;on&#8221; _builder_version=&#8221;4.21.0&#8243; _module_preset=&#8221;default&#8221; hover_enabled=&#8221;0&#8243; global_colors_info=&#8221;{}&#8221; sticky_enabled=&#8221;0&#8243;]<\/p>\n<p>Los pagos de pensi\u00f3n se realizan mensualmente con 11 cuotas durante el a\u00f1o. Los pagos deben realizarse antes del d\u00eda 5 de cada mes. Para los ni\u00f1os que comienzan al comienzo del a\u00f1o acad\u00e9mico, los pagos deben realizarse antes del 5 de agosto de 2025. Para asegurar su inscripci\u00f3n en KidS, solicitamos el pago por adelantado de las siguientes tarifas: Matr\u00edcula o inscripci\u00f3n, materiales y seguro de accidentes. Tenga en cuenta que si un estudiante se da de baja antes de comenzar en KidS, o dentro de su primer mes, se reembolsar\u00e1 el 50 % de la inscripci\u00f3n y los materiales.<\/p>\n<p>Si un estudiante se inscribe despu\u00e9s del inicio del a\u00f1o acad\u00e9mico, la inscripci\u00f3n y los materiales se prorratean en funci\u00f3n de la fecha de ingreso.<\/p>\n<p>[\/et_pb_accordion_item][et_pb_accordion_item title=&#8221;Seguro de accidentes&#8221; _builder_version=&#8221;4.21.0&#8243; _module_preset=&#8221;default&#8221; hover_enabled=&#8221;0&#8243; global_colors_info=&#8221;{}&#8221; open=&#8221;off&#8221; sticky_enabled=&#8221;0&#8243;]<\/p>\n<p>Anualmente se cobra una cuota de Seguro de Accidentes no reembolsable con un costo de $ 87,500. El costo es el mismo para de KidS y Growing Minds.<\/p>\n<p>[\/et_pb_accordion_item][et_pb_accordion_item title=&#8221;Preaviso ante retiro&#8221; _builder_version=&#8221;4.21.0&#8243; _module_preset=&#8221;default&#8221; hover_enabled=&#8221;0&#8243; global_colors_info=&#8221;{}&#8221; open=&#8221;off&#8221; sticky_enabled=&#8221;0&#8243;]<\/p>\n<p>En caso de que el ni\u00f1o sea retirado de la guarder\u00eda antes de la finalizaci\u00f3n de su contrato, se deber\u00e1 avisar a KidS al menos tres meses antes del \u00faltimo d\u00eda del ni\u00f1o. Las tarifas se pagar\u00e1n al final del per\u00edodo de notificaci\u00f3n. En el caso de que un ni\u00f1o abandone el jard\u00edn o reduzca la asistencia sin el per\u00edodo de aviso requerido, se cobrar\u00e1 la pensi\u00f3n de tres meses.<\/p>\n<p>[\/et_pb_accordion_item][et_pb_accordion_item title=&#8221;Pago fuera de tiempo&#8221; _builder_version=&#8221;4.21.0&#8243; _module_preset=&#8221;default&#8221; hover_enabled=&#8221;0&#8243; global_colors_info=&#8221;{}&#8221; open=&#8221;off&#8221; sticky_enabled=&#8221;0&#8243;]<\/p>\n<p>KidS tiene derecho a cobrar intereses por cualquier retraso en el pago de las cuotas mensuales, a una tasa que no exceda el m\u00e1ximo permitido por las autoridades.<\/p>\n<p>[\/et_pb_accordion_item][\/et_pb_accordion][\/et_pb_column][\/et_pb_row][\/et_pb_section]<\/p>\n","protected":false},"excerpt":{"rendered":"<p>experiencia ksi24\/25 Tarifas.<div class=\"et_pb_module difl_advancedtab difl_advancedtab_0\">\n\t\t\t\t\n\t\t\t\t\n\t\t\t\t\n\t\t\t\t\n\t\t\t\t\n\t\t\t\t\n\t\t\t\t<div class=\"et_pb_module_inner\">\n\t\t\t\t\t<div class=\"df_at_container\" data-settings='{\"tab_event_type\":\"click\",\"use_sticky_nav\":\"&#8221;off&#8221;\",\"use_scroll_to_content\":\"\",\"sticky_distance\":\"55px\",\"sticky_distance_tablet\":\"55px\",\"sticky_distance_phone\":\"\",\"tab_animation\":\"&#8221;slide_up&#8221;\",\"extra_space\":false,\"turn_off_sticky\":\"none\",\"module_class\":\"difl_advancedtab_0\",\"animation_duration\":\"200\"}'>\r\n                <div class=\"df_at_nav_wrap\"><div class=\"df_at_nav_container\"><\/div><\/div>\r\n                <div class=\"df_at_all_tabs_wrap\"><div class=\"df_at_all_tabs\"><\/div><\/div>\r\n            <\/div>\n\t\t\t\t<\/div>\n\t\t\t<\/div><\/p>\n","protected":false},"author":11,"featured_media":0,"parent":0,"menu_order":0,"comment_status":"closed","ping_status":"closed","template":"","meta":{"nf_dc_page":"","_et_pb_use_builder":"on","_et_pb_old_content":"","_et_gb_content_width":"","footnotes":""},"class_list":["post-279315","page","type-page","status-publish","hentry"],"aioseo_notices":[],"yoast_head":"<!-- This site is optimized with the Yoast SEO Premium plugin v27.1 (Yoast SEO v27.4) - https:\/\/yoast.com\/product\/yoast-seo-premium-wordpress\/ -->\n<title>Tarifas - KSI KidS | KSI Bogota<\/title>\n<meta name=\"robots\" content=\"index, follow, max-snippet:-1, max-image-preview:large, max-video-preview:-1\" \/>\n<link rel=\"canonical\" href=\"https:\/\/ksi-kids.com\/es\/tarifas\/\" \/>\n<meta property=\"og:locale\" content=\"es_ES\" \/>\n<meta property=\"og:type\" content=\"article\" \/>\n<meta property=\"og:title\" content=\"Tarifas\" \/>\n<meta property=\"og:description\" content=\"experiencia ksi24\/25 Tarifas.\" \/>\n<meta property=\"og:site_name\" content=\"KSI KidS | KSI Bogota\" \/>\n<meta property=\"article:modified_time\" content=\"2025-06-17T19:41:05+00:00\" \/>\n<meta name=\"twitter:card\" content=\"summary_large_image\" \/>\n<meta name=\"twitter:label1\" content=\"Tiempo de lectura\" \/>\n\t<meta name=\"twitter:data1\" content=\"8 minutos\" \/>\n<script type=\"application\/ld+json\" class=\"yoast-schema-graph\">{\"@context\":\"https:\\\/\\\/schema.org\",\"@graph\":[{\"@type\":\"WebPage\",\"@id\":\"https:\\\/\\\/ksi-kids.com\\\/es\\\/tarifas\\\/\",\"url\":\"https:\\\/\\\/ksi-kids.com\\\/es\\\/tarifas\\\/\",\"name\":\"Tarifas - KSI KidS | KSI Bogota\",\"isPartOf\":{\"@id\":\"https:\\\/\\\/ksi-kids.com\\\/es\\\/#website\"},\"datePublished\":\"2022-07-08T18:40:17+00:00\",\"dateModified\":\"2025-06-17T19:41:05+00:00\",\"breadcrumb\":{\"@id\":\"https:\\\/\\\/ksi-kids.com\\\/es\\\/tarifas\\\/#breadcrumb\"},\"inLanguage\":\"es\",\"potentialAction\":[{\"@type\":\"ReadAction\",\"target\":[\"https:\\\/\\\/ksi-kids.com\\\/es\\\/tarifas\\\/\"]}]},{\"@type\":\"BreadcrumbList\",\"@id\":\"https:\\\/\\\/ksi-kids.com\\\/es\\\/tarifas\\\/#breadcrumb\",\"itemListElement\":[{\"@type\":\"ListItem\",\"position\":1,\"name\":\"Home\",\"item\":\"https:\\\/\\\/ksi-kids.com\\\/\"},{\"@type\":\"ListItem\",\"position\":2,\"name\":\"Tarifas\"}]},{\"@type\":\"WebSite\",\"@id\":\"https:\\\/\\\/ksi-kids.com\\\/es\\\/#website\",\"url\":\"https:\\\/\\\/ksi-kids.com\\\/es\\\/\",\"name\":\"KSI KidS | KSI Bogota\",\"description\":\"Welcome to our World\",\"potentialAction\":[{\"@type\":\"SearchAction\",\"target\":{\"@type\":\"EntryPoint\",\"urlTemplate\":\"https:\\\/\\\/ksi-kids.com\\\/es\\\/?s={search_term_string}\"},\"query-input\":{\"@type\":\"PropertyValueSpecification\",\"valueRequired\":true,\"valueName\":\"search_term_string\"}}],\"inLanguage\":\"es\"}]}<\/script>\n<!-- \/ Yoast SEO Premium plugin. -->","yoast_head_json":{"title":"Tarifas - KSI KidS | KSI Bogota","robots":{"index":"index","follow":"follow","max-snippet":"max-snippet:-1","max-image-preview":"max-image-preview:large","max-video-preview":"max-video-preview:-1"},"canonical":"https:\/\/ksi-kids.com\/es\/tarifas\/","og_locale":"es_ES","og_type":"article","og_title":"Tarifas","og_description":"experiencia ksi24\/25 Tarifas.","og_site_name":"KSI KidS | KSI Bogota","article_modified_time":"2025-06-17T19:41:05+00:00","twitter_card":"summary_large_image","twitter_misc":{"Tiempo de lectura":"8 minutos"},"schema":{"@context":"https:\/\/schema.org","@graph":[{"@type":"WebPage","@id":"https:\/\/ksi-kids.com\/es\/tarifas\/","url":"https:\/\/ksi-kids.com\/es\/tarifas\/","name":"Tarifas - KSI KidS | KSI Bogota","isPartOf":{"@id":"https:\/\/ksi-kids.com\/es\/#website"},"datePublished":"2022-07-08T18:40:17+00:00","dateModified":"2025-06-17T19:41:05+00:00","breadcrumb":{"@id":"https:\/\/ksi-kids.com\/es\/tarifas\/#breadcrumb"},"inLanguage":"es","potentialAction":[{"@type":"ReadAction","target":["https:\/\/ksi-kids.com\/es\/tarifas\/"]}]},{"@type":"BreadcrumbList","@id":"https:\/\/ksi-kids.com\/es\/tarifas\/#breadcrumb","itemListElement":[{"@type":"ListItem","position":1,"name":"Home","item":"https:\/\/ksi-kids.com\/"},{"@type":"ListItem","position":2,"name":"Tarifas"}]},{"@type":"WebSite","@id":"https:\/\/ksi-kids.com\/es\/#website","url":"https:\/\/ksi-kids.com\/es\/","name":"KSI KidS | KSI Bogota","description":"Welcome to our World","potentialAction":[{"@type":"SearchAction","target":{"@type":"EntryPoint","urlTemplate":"https:\/\/ksi-kids.com\/es\/?s={search_term_string}"},"query-input":{"@type":"PropertyValueSpecification","valueRequired":true,"valueName":"search_term_string"}}],"inLanguage":"es"}]}},"jetpack_sharing_enabled":true,"_links":{"self":[{"href":"https:\/\/ksi-kids.com\/es\/wp-json\/wp\/v2\/pages\/279315","targetHints":{"allow":["GET"]}}],"collection":[{"href":"https:\/\/ksi-kids.com\/es\/wp-json\/wp\/v2\/pages"}],"about":[{"href":"https:\/\/ksi-kids.com\/es\/wp-json\/wp\/v2\/types\/page"}],"author":[{"embeddable":true,"href":"https:\/\/ksi-kids.com\/es\/wp-json\/wp\/v2\/users\/11"}],"replies":[{"embeddable":true,"href":"https:\/\/ksi-kids.com\/es\/wp-json\/wp\/v2\/comments?post=279315"}],"version-history":[{"count":4,"href":"https:\/\/ksi-kids.com\/es\/wp-json\/wp\/v2\/pages\/279315\/revisions"}],"predecessor-version":[{"id":296826,"href":"https:\/\/ksi-kids.com\/es\/wp-json\/wp\/v2\/pages\/279315\/revisions\/296826"}],"wp:attachment":[{"href":"https:\/\/ksi-kids.com\/es\/wp-json\/wp\/v2\/media?parent=279315"}],"curies":[{"name":"wp","href":"https:\/\/api.w.org\/{rel}","templated":true}]}}