{"id":279313,"date":"2022-09-25T12:30:38","date_gmt":"2022-09-25T17:30:38","guid":{"rendered":"https:\/\/ebf25e71b2.nxcli.io\/apply-now\/"},"modified":"2025-09-15T12:01:17","modified_gmt":"2025-09-15T17:01:17","slug":"aplique-ahora","status":"publish","type":"page","link":"https:\/\/ksi-kids.com\/es\/aplique-ahora\/","title":{"rendered":"Aplica ya"},"content":{"rendered":"<p>[et_pb_section fb_built=&#8221;1&#8243; fullwidth=&#8221;on&#8221; _builder_version=&#8221;4.16&#8243; _module_preset=&#8221;default&#8221; da_disable_devices=&#8221;off|off|off&#8221; global_colors_info=&#8221;{}&#8221; da_is_popup=&#8221;off&#8221; da_exit_intent=&#8221;off&#8221; da_has_close=&#8221;on&#8221; da_alt_close=&#8221;off&#8221; da_dark_close=&#8221;off&#8221; da_not_modal=&#8221;on&#8221; da_is_singular=&#8221;off&#8221; da_with_loader=&#8221;off&#8221; da_has_shadow=&#8221;on&#8221;][et_pb_fullwidth_slider _builder_version=&#8221;4.27.4&#8243; _module_preset=&#8221;default&#8221; height=&#8221;550px&#8221; height_tablet=&#8221;500px&#8221; height_phone=&#8221;350px&#8221; height_last_edited=&#8221;on|phone&#8221; hover_enabled=&#8221;0&#8243; global_colors_info=&#8221;{}&#8221; title_text=&#8221;20250829 101840(1)&#8221; background_image=&#8221;https:\/\/ksi-kids.com\/wp-content\/uploads\/2025\/09\/20250829_1018401-scaled.jpg&#8221; background_position=&#8221;bottom_center&#8221; background_vertical_offset=&#8221;46%&#8221; sticky_enabled=&#8221;0&#8243;][et_pb_slide _builder_version=&#8221;4.27.4&#8243; _module_preset=&#8221;default&#8221; background_color=&#8221;#262453&#8243; background_enable_color=&#8221;on&#8221; background_image=&#8221;https:\/\/ksi-kids.com\/wp-content\/uploads\/2025\/09\/20250829_1018401-scaled.jpg&#8221; background_enable_image=&#8221;on&#8221; hover_enabled=&#8221;0&#8243; global_colors_info=&#8221;{}&#8221; sticky_transition=&#8221;on&#8221; title_text=&#8221;20250829 101840(1)&#8221; background_position=&#8221;bottom_center&#8221; background_vertical_offset=&#8221;46%&#8221; sticky_enabled=&#8221;0&#8243;][\/et_pb_slide][\/et_pb_fullwidth_slider][\/et_pb_section][et_pb_section fb_built=&#8221;1&#8243; _builder_version=&#8221;4.16&#8243; _module_preset=&#8221;default&#8221; da_disable_devices=&#8221;off|off|off&#8221; global_colors_info=&#8221;{}&#8221; da_is_popup=&#8221;off&#8221; da_exit_intent=&#8221;off&#8221; da_has_close=&#8221;on&#8221; da_alt_close=&#8221;off&#8221; da_dark_close=&#8221;off&#8221; da_not_modal=&#8221;on&#8221; da_is_singular=&#8221;off&#8221; da_with_loader=&#8221;off&#8221; da_has_shadow=&#8221;on&#8221;][et_pb_row use_custom_gutter=&#8221;on&#8221; make_equal=&#8221;on&#8221; _builder_version=&#8221;4.16&#8243; _module_preset=&#8221;default&#8221; width_tablet=&#8221;80%&#8221; width_phone=&#8221;80%&#8221; width_last_edited=&#8221;on|phone&#8221; custom_padding=&#8221;0px||0px|||&#8221; global_colors_info=&#8221;{}&#8221;][et_pb_column type=&#8221;4_4&#8243; _builder_version=&#8221;4.16&#8243; _module_preset=&#8221;default&#8221; global_colors_info=&#8221;{}&#8221;][et_pb_text _builder_version=&#8221;4.19.4&#8243; _module_preset=&#8221;default&#8221; text_font=&#8221;|600||on|||||&#8221; text_text_color=&#8221;#F57323&#8243; text_font_size=&#8221;12px&#8221; text_letter_spacing=&#8221;1px&#8221; custom_margin=&#8221;||10px||false|false&#8221; global_colors_info=&#8221;{}&#8221;]<\/p>\n<p>Experiencia KSI<\/p>\n<p>[\/et_pb_text][et_pb_text _builder_version=&#8221;4.19.4&#8243; _module_preset=&#8221;default&#8221; header_text_align=&#8221;left&#8221; text_orientation=&#8221;center&#8221; custom_margin=&#8221;||10px||false|false&#8221; global_colors_info=&#8221;{}&#8221;]<\/p>\n<h1>Aplica ya<\/h1>\n<p>[\/et_pb_text][\/et_pb_column][\/et_pb_row][et_pb_row column_structure=&#8221;3_5,2_5&#8243; _builder_version=&#8221;4.16&#8243; _module_preset=&#8221;default&#8221; custom_padding=&#8221;0px||||false|false&#8221; global_colors_info=&#8221;{}&#8221;][et_pb_column type=&#8221;3_5&#8243; _builder_version=&#8221;4.16&#8243; _module_preset=&#8221;default&#8221; global_colors_info=&#8221;{}&#8221;][et_pb_text _builder_version=&#8221;4.19.4&#8243; _module_preset=&#8221;default&#8221; text_font=&#8221;|300|||||||&#8221; global_colors_info=&#8221;{}&#8221;]<\/p>\n<p>En Kids estamos comprometidos a brindar la mejor educaci\u00f3n para su hijo, tratando a cada ni\u00f1o como un individuo y celebrando sus fortalezas. Damos la bienvenida a ni\u00f1os de 1 a 5 a\u00f1os y ofrecemos la flexibilidad de los programas del jard\u00edn\u00a0 de medio d\u00eda y\u00a0 d\u00eda completo.<\/p>\n<p>El tama\u00f1o de las clases se mantiene peque\u00f1o para proporcionar un ambiente de aprendizaje \u00edntimo, animando a los ni\u00f1os a desarrollar confianza y prosperar.<\/p>\n<p>[\/et_pb_text][\/et_pb_column][et_pb_column type=&#8221;2_5&#8243; _builder_version=&#8221;4.16&#8243; _module_preset=&#8221;default&#8221; global_colors_info=&#8221;{}&#8221;][et_pb_image src=&#8221;https:\/\/ksi-kids.com\/wp-content\/uploads\/2025\/01\/IMG_9006-1-scaled.jpg&#8221; title_text=&#8221;IMG_9006 (1)&#8221; admin_label=&#8221;Imagen&#8221; _builder_version=&#8221;4.21.0&#8243; _module_preset=&#8221;default&#8221; border_radii=&#8221;off|50px|||&#8221; global_colors_info=&#8221;{}&#8221;][\/et_pb_image][\/et_pb_column][\/et_pb_row][\/et_pb_section][et_pb_section fb_built=&#8221;1&#8243; _builder_version=&#8221;4.19.4&#8243; _module_preset=&#8221;default&#8221; background_color=&#8221;#F57323&#8243; da_disable_devices=&#8221;off|off|off&#8221; global_colors_info=&#8221;{}&#8221; da_is_popup=&#8221;off&#8221; da_exit_intent=&#8221;off&#8221; da_has_close=&#8221;on&#8221; da_alt_close=&#8221;off&#8221; da_dark_close=&#8221;off&#8221; da_not_modal=&#8221;on&#8221; da_is_singular=&#8221;off&#8221; da_with_loader=&#8221;off&#8221; da_has_shadow=&#8221;on&#8221;][et_pb_row column_structure=&#8221;1_3,1_3,1_3&#8243; _builder_version=&#8221;4.19.4&#8243; _module_preset=&#8221;default&#8221; global_colors_info=&#8221;{}&#8221;][et_pb_column type=&#8221;1_3&#8243; _builder_version=&#8221;4.19.4&#8243; _module_preset=&#8221;default&#8221; global_colors_info=&#8221;{}&#8221;][et_pb_button button_url=&#8221;@ET-DC@eyJkeW5hbWljIjp0cnVlLCJjb250ZW50IjoicG9zdF9saW5rX3VybF9wYWdlIiwic2V0dGluZ3MiOnsicG9zdF9pZCI6IjI3OTMxOCJ9fQ==@&#8221; button_text=&#8221;reservar una visita&#8221; button_alignment=&#8221;center&#8221; _builder_version=&#8221;4.19.4&#8243; _dynamic_attributes=&#8221;button_url&#8221; _module_preset=&#8221;default&#8221; button_text_color=&#8221;#0586C7&#8243; button_bg_color=&#8221;#F3F3F3&#8243; custom_padding=&#8221;10px|18px|10px|18px|true|true&#8221; custom_css_main_element=&#8221;width:100%;&#8221; global_colors_info=&#8221;{}&#8221; button_bg_enable_color__hover=&#8221;on&#8221; button_text_color__hover=&#8221;#F3F3F3&#8243;][\/et_pb_button][\/et_pb_column][et_pb_column type=&#8221;1_3&#8243; _builder_version=&#8221;4.19.4&#8243; _module_preset=&#8221;default&#8221; global_colors_info=&#8221;{}&#8221;][et_pb_button button_url=&#8221;@ET-DC@eyJkeW5hbWljIjp0cnVlLCJjb250ZW50IjoicG9zdF9saW5rX3VybF9wYWdlIiwic2V0dGluZ3MiOnsicG9zdF9pZCI6IjI3OTMyMCJ9fQ==@&#8221; button_text=&#8221;Qu\u00e9date y juega&#8221; button_alignment=&#8221;center&#8221; _builder_version=&#8221;4.19.4&#8243; _dynamic_attributes=&#8221;button_url&#8221; _module_preset=&#8221;default&#8221; button_text_color=&#8221;#0586C7&#8243; button_bg_color=&#8221;#F3F3F3&#8243; custom_padding=&#8221;10px|18px|10px|18px|true|true&#8221; custom_css_main_element=&#8221;width:100%;&#8221; global_colors_info=&#8221;{}&#8221; button_bg_enable_color__hover=&#8221;on&#8221; button_text_color__hover_enabled=&#8221;on|hover&#8221; button_text_color__hover=&#8221;#F3F3F3&#8243;][\/et_pb_button][\/et_pb_column][et_pb_column type=&#8221;1_3&#8243; _builder_version=&#8221;4.19.4&#8243; _module_preset=&#8221;default&#8221; global_colors_info=&#8221;{}&#8221;][et_pb_button button_url=&#8221;\/es\/contacta-con-nosotros\/&#8221; button_text=&#8221;preguntar ahora&#8221; button_alignment=&#8221;center&#8221; _builder_version=&#8221;4.19.4&#8243; _module_preset=&#8221;default&#8221; button_text_color=&#8221;#0586C7&#8243; button_bg_color=&#8221;#F3F3F3&#8243; custom_padding=&#8221;10px|18px|10px|18px|true|true&#8221; custom_css_main_element=&#8221;width:100%;&#8221; global_colors_info=&#8221;{}&#8221; button_bg_enable_color__hover=&#8221;on&#8221; button_text_color__hover_enabled=&#8221;on|hover&#8221; button_text_color__hover=&#8221;#F3F3F3&#8243;][\/et_pb_button][\/et_pb_column][\/et_pb_row][\/et_pb_section][et_pb_section fb_built=&#8221;1&#8243; _builder_version=&#8221;4.19.4&#8243; _module_preset=&#8221;default&#8221; background_image=&#8221;https:\/\/ksi-kids.com\/wp-content\/uploads\/2022\/06\/botega-calendar-bg-white.jpg&#8221; da_disable_devices=&#8221;off|off|off&#8221; global_colors_info=&#8221;{}&#8221; da_is_popup=&#8221;off&#8221; da_exit_intent=&#8221;off&#8221; da_has_close=&#8221;on&#8221; da_alt_close=&#8221;off&#8221; da_dark_close=&#8221;off&#8221; da_not_modal=&#8221;on&#8221; da_is_singular=&#8221;off&#8221; da_with_loader=&#8221;off&#8221; da_has_shadow=&#8221;on&#8221;][et_pb_row _builder_version=&#8221;4.19.4&#8243; _module_preset=&#8221;default&#8221; global_colors_info=&#8221;{}&#8221;][et_pb_column type=&#8221;4_4&#8243; _builder_version=&#8221;4.19.4&#8243; _module_preset=&#8221;default&#8221; global_colors_info=&#8221;{}&#8221;][et_pb_accordion open_toggle_text_color=&#8221;#0586C7&#8243; open_toggle_background_color=&#8221;#F3F3F3&#8243; closed_toggle_text_color=&#8221;#262453&#8243; closed_toggle_background_color=&#8221;#F3F3F3&#8243; icon_color=&#8221;#F57323&#8243; _builder_version=&#8221;4.19.4&#8243; _module_preset=&#8221;default&#8221; body_font=&#8221;|300|||||||&#8221; border_radii=&#8221;on|10px|10px|10px|10px&#8221; border_width_all=&#8221;0px&#8221; global_colors_info=&#8221;{}&#8221;][et_pb_accordion_item title=&#8221;1. Reserve una visita!&#8221; open=&#8221;on&#8221; _builder_version=&#8221;4.19.4&#8243; _module_preset=&#8221;default&#8221; global_colors_info=&#8221;{}&#8221;]<\/p>\n<p>La visita al jardin es la mejor oportunidad para vernos en acci\u00f3n, conocer a la Directora, los maestros y recorrer nuestras excelentes instalaciones. Para programar una visita, complete el formulario de reserva con un horario que sea conveniente para usted y nos pondremos en contacto con usted para confirmar su reserva.<\/p>\n<p>[\/et_pb_accordion_item][et_pb_accordion_item title=&#8221;2. Admisiones &#8221; _builder_version=&#8221;4.19.4&#8243; _module_preset=&#8221;default&#8221; global_colors_info=&#8221;{}&#8221; open=&#8221;off&#8221;]<\/p>\n<p>Queremos que el proceso de admisi\u00f3n sea lo m\u00e1s fluido posible. Pedimos a las\u00a0 familias que completen un formulario de solicitud en l\u00ednea y luego coordinaremos una visita a KidS.\u00a0<\/p>\n<p>[\/et_pb_accordion_item][et_pb_accordion_item title=&#8221;3. D\u00edas de experiencia&#8221; _builder_version=&#8221;4.19.4&#8243; _module_preset=&#8221;default&#8221; global_colors_info=&#8221;{}&#8221; open=&#8221;off&#8221;]Despu\u00e9s de visitar nuestro jard\u00edn y  la reuni\u00f3n con la directora, lo invitamos a una visita de prueba con su hijo. Esto le da a su hijo la oportunidad de interactuar con otros ni\u00f1os en nuestro sal\u00f3n de clases y explorar el entorno que los rodea. Nuestras visitas de prueba nos brindan la oportunidad de conocer mejor a su hijo y entender sus necesidades, asegur\u00e1ndonos de que haga parte de  la clase adecuada. Para reservar un KidS Experience Day ll\u00e1manos directamente al +57 3168347163[\/et_pb_accordion_item][et_pb_accordion_item title=&#8221;Sesiones de adaptaci\u00f3n&#8221; _builder_version=&#8221;4.19.4&#8243; _module_preset=&#8221;default&#8221; global_colors_info=&#8221;{}&#8221; open=&#8221;off&#8221;]Una vez que los ni\u00f1os son admitidos en KidS, se organizan una serie de sesiones de adaptaci\u00f3n de 2 horas para los ni\u00f1os, ayud\u00e1ndolos con su transici\u00f3n a un nuevo jard\u00edn. <\/p>\n<p>Estas sesiones brindan a las familias la oportunidad de conocer al equipo de KidS y permiten que su hijo se adapte a su nuevo entorno a su propio ritmo. <\/p>\n<p>Una vez que los ni\u00f1os han pasado por su per\u00edodo de adaptaci\u00f3n y los padres se sienten c\u00f3modos con la transici\u00f3n de sus hijos, comienzan su viaje con KidS.[\/et_pb_accordion_item][\/et_pb_accordion][\/et_pb_column][\/et_pb_row][\/et_pb_section]<\/p>\n","protected":false},"excerpt":{"rendered":"<p>Experiencia KSIAplica yaEn Kids estamos comprometidos a brindar la mejor educaci\u00f3n para su hijo, tratando a cada ni\u00f1o como un individuo y celebrando sus fortalezas. Damos la bienvenida a ni\u00f1os [&hellip;]<\/p>\n","protected":false},"author":11,"featured_media":0,"parent":0,"menu_order":0,"comment_status":"closed","ping_status":"closed","template":"","meta":{"nf_dc_page":"","_et_pb_use_builder":"on","_et_pb_old_content":"","_et_gb_content_width":"","footnotes":""},"class_list":["post-279313","page","type-page","status-publish","hentry"],"aioseo_notices":[],"yoast_head":"<!-- This site is optimized with the Yoast SEO Premium plugin v27.1 (Yoast SEO v27.5) - https:\/\/yoast.com\/product\/yoast-seo-premium-wordpress\/ -->\n<title>Aplica ya - KSI KidS | KSI Bogota<\/title>\n<meta name=\"robots\" content=\"index, follow, max-snippet:-1, max-image-preview:large, max-video-preview:-1\" \/>\n<link rel=\"canonical\" href=\"https:\/\/ksi-kids.com\/apply-now\/\" \/>\n<meta property=\"og:locale\" content=\"es_ES\" \/>\n<meta property=\"og:type\" content=\"article\" \/>\n<meta property=\"og:title\" content=\"Aplica ya\" \/>\n<meta property=\"og:description\" content=\"Experiencia KSIAplica yaEn Kids estamos comprometidos a brindar la mejor educaci\u00f3n para su hijo, tratando a cada ni\u00f1o como un individuo y celebrando sus fortalezas. Damos la bienvenida a ni\u00f1os [&hellip;]\" \/>\n<meta property=\"og:site_name\" content=\"KSI KidS | KSI Bogota\" \/>\n<meta property=\"article:modified_time\" content=\"2025-09-15T17:01:17+00:00\" \/>\n<meta name=\"twitter:card\" content=\"summary_large_image\" \/>\n<meta name=\"twitter:label1\" content=\"Tiempo de lectura\" \/>\n\t<meta name=\"twitter:data1\" content=\"7 minutos\" \/>\n<script type=\"application\/ld+json\" class=\"yoast-schema-graph\">{\"@context\":\"https:\\\/\\\/schema.org\",\"@graph\":[{\"@type\":\"WebPage\",\"@id\":\"https:\\\/\\\/ksi-kids.com\\\/apply-now\\\/\",\"url\":\"https:\\\/\\\/ksi-kids.com\\\/apply-now\\\/\",\"name\":\"Aplica ya - KSI KidS | KSI Bogota\",\"isPartOf\":{\"@id\":\"https:\\\/\\\/ksi-kids.com\\\/es\\\/#website\"},\"datePublished\":\"2022-09-25T17:30:38+00:00\",\"dateModified\":\"2025-09-15T17:01:17+00:00\",\"breadcrumb\":{\"@id\":\"https:\\\/\\\/ksi-kids.com\\\/apply-now\\\/#breadcrumb\"},\"inLanguage\":\"es\",\"potentialAction\":[{\"@type\":\"ReadAction\",\"target\":[\"https:\\\/\\\/ksi-kids.com\\\/apply-now\\\/\"]}]},{\"@type\":\"BreadcrumbList\",\"@id\":\"https:\\\/\\\/ksi-kids.com\\\/apply-now\\\/#breadcrumb\",\"itemListElement\":[{\"@type\":\"ListItem\",\"position\":1,\"name\":\"Home\",\"item\":\"https:\\\/\\\/ksi-kids.com\\\/\"},{\"@type\":\"ListItem\",\"position\":2,\"name\":\"Aplica ya\"}]},{\"@type\":\"WebSite\",\"@id\":\"https:\\\/\\\/ksi-kids.com\\\/es\\\/#website\",\"url\":\"https:\\\/\\\/ksi-kids.com\\\/es\\\/\",\"name\":\"KSI KidS | KSI Bogota\",\"description\":\"Welcome to our World\",\"potentialAction\":[{\"@type\":\"SearchAction\",\"target\":{\"@type\":\"EntryPoint\",\"urlTemplate\":\"https:\\\/\\\/ksi-kids.com\\\/es\\\/?s={search_term_string}\"},\"query-input\":{\"@type\":\"PropertyValueSpecification\",\"valueRequired\":true,\"valueName\":\"search_term_string\"}}],\"inLanguage\":\"es\"}]}<\/script>\n<!-- \/ Yoast SEO Premium plugin. -->","yoast_head_json":{"title":"Aplica ya - KSI KidS | KSI Bogota","robots":{"index":"index","follow":"follow","max-snippet":"max-snippet:-1","max-image-preview":"max-image-preview:large","max-video-preview":"max-video-preview:-1"},"canonical":"https:\/\/ksi-kids.com\/apply-now\/","og_locale":"es_ES","og_type":"article","og_title":"Aplica ya","og_description":"Experiencia KSIAplica yaEn Kids estamos comprometidos a brindar la mejor educaci\u00f3n para su hijo, tratando a cada ni\u00f1o como un individuo y celebrando sus fortalezas. Damos la bienvenida a ni\u00f1os [&hellip;]","og_site_name":"KSI KidS | KSI Bogota","article_modified_time":"2025-09-15T17:01:17+00:00","twitter_card":"summary_large_image","twitter_misc":{"Tiempo de lectura":"7 minutos"},"schema":{"@context":"https:\/\/schema.org","@graph":[{"@type":"WebPage","@id":"https:\/\/ksi-kids.com\/apply-now\/","url":"https:\/\/ksi-kids.com\/apply-now\/","name":"Aplica ya - KSI KidS | KSI Bogota","isPartOf":{"@id":"https:\/\/ksi-kids.com\/es\/#website"},"datePublished":"2022-09-25T17:30:38+00:00","dateModified":"2025-09-15T17:01:17+00:00","breadcrumb":{"@id":"https:\/\/ksi-kids.com\/apply-now\/#breadcrumb"},"inLanguage":"es","potentialAction":[{"@type":"ReadAction","target":["https:\/\/ksi-kids.com\/apply-now\/"]}]},{"@type":"BreadcrumbList","@id":"https:\/\/ksi-kids.com\/apply-now\/#breadcrumb","itemListElement":[{"@type":"ListItem","position":1,"name":"Home","item":"https:\/\/ksi-kids.com\/"},{"@type":"ListItem","position":2,"name":"Aplica ya"}]},{"@type":"WebSite","@id":"https:\/\/ksi-kids.com\/es\/#website","url":"https:\/\/ksi-kids.com\/es\/","name":"KSI KidS | KSI Bogota","description":"Welcome to our World","potentialAction":[{"@type":"SearchAction","target":{"@type":"EntryPoint","urlTemplate":"https:\/\/ksi-kids.com\/es\/?s={search_term_string}"},"query-input":{"@type":"PropertyValueSpecification","valueRequired":true,"valueName":"search_term_string"}}],"inLanguage":"es"}]}},"jetpack_sharing_enabled":true,"_links":{"self":[{"href":"https:\/\/ksi-kids.com\/es\/wp-json\/wp\/v2\/pages\/279313","targetHints":{"allow":["GET"]}}],"collection":[{"href":"https:\/\/ksi-kids.com\/es\/wp-json\/wp\/v2\/pages"}],"about":[{"href":"https:\/\/ksi-kids.com\/es\/wp-json\/wp\/v2\/types\/page"}],"author":[{"embeddable":true,"href":"https:\/\/ksi-kids.com\/es\/wp-json\/wp\/v2\/users\/11"}],"replies":[{"embeddable":true,"href":"https:\/\/ksi-kids.com\/es\/wp-json\/wp\/v2\/comments?post=279313"}],"version-history":[{"count":3,"href":"https:\/\/ksi-kids.com\/es\/wp-json\/wp\/v2\/pages\/279313\/revisions"}],"predecessor-version":[{"id":296965,"href":"https:\/\/ksi-kids.com\/es\/wp-json\/wp\/v2\/pages\/279313\/revisions\/296965"}],"wp:attachment":[{"href":"https:\/\/ksi-kids.com\/es\/wp-json\/wp\/v2\/media?parent=279313"}],"curies":[{"name":"wp","href":"https:\/\/api.w.org\/{rel}","templated":true}]}}