{"id":279299,"date":"2022-07-06T08:34:03","date_gmt":"2022-07-06T13:34:03","guid":{"rendered":"https:\/\/ebf25e71b2.nxcli.io\/our-ethos\/"},"modified":"2025-01-16T15:06:09","modified_gmt":"2025-01-16T20:06:09","slug":"ethos","status":"publish","type":"page","link":"https:\/\/ksi-kids.com\/es\/ethos\/","title":{"rendered":"Ethos"},"content":{"rendered":"<p>[et_pb_section fb_built=&#8221;1&#8243; fullwidth=&#8221;on&#8221; _builder_version=&#8221;4.16&#8243; _module_preset=&#8221;default&#8221; da_disable_devices=&#8221;off|off|off&#8221; global_colors_info=&#8221;{}&#8221; da_is_popup=&#8221;off&#8221; da_exit_intent=&#8221;off&#8221; da_has_close=&#8221;on&#8221; da_alt_close=&#8221;off&#8221; da_dark_close=&#8221;off&#8221; da_not_modal=&#8221;on&#8221; da_is_singular=&#8221;off&#8221; da_with_loader=&#8221;off&#8221; da_has_shadow=&#8221;on&#8221;][et_pb_fullwidth_slider _builder_version=&#8221;4.21.0&#8243; _module_preset=&#8221;default&#8221; height=&#8221;550px&#8221; height_tablet=&#8221;500px&#8221; height_phone=&#8221;350px&#8221; height_last_edited=&#8221;on|phone&#8221; hover_enabled=&#8221;0&#8243; global_colors_info=&#8221;{}&#8221; sticky_enabled=&#8221;0&#8243;][et_pb_slide _builder_version=&#8221;4.21.0&#8243; _module_preset=&#8221;default&#8221; background_color=&#8221;#262453&#8243; background_enable_color=&#8221;on&#8221; background_image=&#8221;https:\/\/ksi-kids.com\/wp-content\/uploads\/2025\/01\/Video-Cuenta-atras-Moderno-Animado-Negro-5.jpg&#8221; background_enable_image=&#8221;on&#8221; hover_enabled=&#8221;0&#8243; global_colors_info=&#8221;{}&#8221; sticky_transition=&#8221;on&#8221; title_text=&#8221;Video Cuenta atr\u00e1s Moderno Animado Negro (5)&#8221; sticky_enabled=&#8221;0&#8243;][\/et_pb_slide][\/et_pb_fullwidth_slider][\/et_pb_section][et_pb_section fb_built=&#8221;1&#8243; _builder_version=&#8221;4.16&#8243; _module_preset=&#8221;default&#8221; da_disable_devices=&#8221;off|off|off&#8221; global_colors_info=&#8221;{}&#8221; da_is_popup=&#8221;off&#8221; da_exit_intent=&#8221;off&#8221; da_has_close=&#8221;on&#8221; da_alt_close=&#8221;off&#8221; da_dark_close=&#8221;off&#8221; da_not_modal=&#8221;on&#8221; da_is_singular=&#8221;off&#8221; da_with_loader=&#8221;off&#8221; da_has_shadow=&#8221;on&#8221;][et_pb_row use_custom_gutter=&#8221;on&#8221; make_equal=&#8221;on&#8221; _builder_version=&#8221;4.16&#8243; _module_preset=&#8221;default&#8221; width_tablet=&#8221;80%&#8221; width_phone=&#8221;80%&#8221; width_last_edited=&#8221;on|phone&#8221; custom_padding=&#8221;0px||0px|||&#8221; global_colors_info=&#8221;{}&#8221;][et_pb_column type=&#8221;4_4&#8243; _builder_version=&#8221;4.16&#8243; _module_preset=&#8221;default&#8221; global_colors_info=&#8221;{}&#8221;][et_pb_text _builder_version=&#8221;4.19.4&#8243; _module_preset=&#8221;default&#8221; text_font=&#8221;|600||on|||||&#8221; text_text_color=&#8221;#F57323&#8243; text_font_size=&#8221;12px&#8221; text_letter_spacing=&#8221;1px&#8221; custom_margin=&#8221;||10px||false|false&#8221; global_colors_info=&#8221;{}&#8221;]<\/p>\n<p>Bienvenido a nuestro mundo<\/p>\n<p>[\/et_pb_text][et_pb_text _builder_version=&#8221;4.19.4&#8243; _module_preset=&#8221;default&#8221; header_text_color=&#8221;#0586C7&#8243; custom_margin=&#8221;||10px||false|false&#8221; global_colors_info=&#8221;{}&#8221;]<\/p>\n<h1>Ethos<\/h1>\n<p>[\/et_pb_text][\/et_pb_column][\/et_pb_row][et_pb_row column_structure=&#8221;3_5,2_5&#8243; _builder_version=&#8221;4.16&#8243; _module_preset=&#8221;default&#8221; custom_padding=&#8221;0px|||||&#8221; global_colors_info=&#8221;{}&#8221;][et_pb_column type=&#8221;3_5&#8243; _builder_version=&#8221;4.16&#8243; _module_preset=&#8221;default&#8221; global_colors_info=&#8221;{}&#8221;][et_pb_text _builder_version=&#8221;4.19.4&#8243; _module_preset=&#8221;default&#8221; text_font=&#8221;|300|||||||&#8221; global_colors_info=&#8221;{}&#8221;]<\/p>\n<p>KSI KidS es un jard\u00edn infantil innovador, l\u00fadico y de car\u00e1cter preventivo\u00a0centrado en la maduraci\u00f3n, el cual fomenta la participaci\u00f3n de los padres de familia y promueve un ambiente seguro, c\u00e1lido y plenamente feliz.<\/p>\n<p>Nuestro programa nutre a cada ni\u00f1o en su individualidad y le permite alcanzar su m\u00e1ximo potencial. En KidS enfatizamos el desarrollo del ni\u00f1o como ser \u00fanico, irrepetible e integral, en un ambiente relajado y agradable. En KidS creemos firmemente que la base de todo aprendizaje es la felicidad y por tanto, trabajamos fuertemente para cultivarla.<\/p>\n<p>[\/et_pb_text][\/et_pb_column][et_pb_column type=&#8221;2_5&#8243; _builder_version=&#8221;4.16&#8243; _module_preset=&#8221;default&#8221; global_colors_info=&#8221;{}&#8221;][et_pb_image src=&#8221;https:\/\/ksi-kids.com\/wp-content\/uploads\/2024\/09\/35-1.jpeg&#8221; title_text=&#8221;35&#8243; _builder_version=&#8221;4.21.0&#8243; _module_preset=&#8221;default&#8221; border_radii=&#8221;off|50px|||&#8221; global_colors_info=&#8221;{}&#8221;][\/et_pb_image][\/et_pb_column][\/et_pb_row][\/et_pb_section][et_pb_section fb_built=&#8221;1&#8243; _builder_version=&#8221;4.19.4&#8243; _module_preset=&#8221;default&#8221; background_enable_image=&#8221;off&#8221; parallax=&#8221;on&#8221; parallax_method=&#8221;off&#8221; height=&#8221;350px&#8221; height_tablet=&#8221;&#8221; height_phone=&#8221;&#8221; height_last_edited=&#8221;on|phone&#8221; custom_padding=&#8221;0px||0px||true|false&#8221; da_disable_devices=&#8221;off|off|off&#8221; locked=&#8221;off&#8221; global_colors_info=&#8221;{}&#8221; da_is_popup=&#8221;off&#8221; da_exit_intent=&#8221;off&#8221; da_has_close=&#8221;on&#8221; da_alt_close=&#8221;off&#8221; da_dark_close=&#8221;off&#8221; da_not_modal=&#8221;on&#8221; da_is_singular=&#8221;off&#8221; da_with_loader=&#8221;off&#8221; da_has_shadow=&#8221;on&#8221;][et_pb_row column_structure=&#8221;1_2,1_2&#8243; use_custom_gutter=&#8221;on&#8221; gutter_width=&#8221;1&#8243; make_equal=&#8221;on&#8221; _builder_version=&#8221;4.19.4&#8243; _module_preset=&#8221;default&#8221; background_enable_color=&#8221;off&#8221; width=&#8221;100%&#8221; max_width=&#8221;100%&#8221; min_height=&#8221;500px&#8221; custom_margin=&#8221;||||false|false&#8221; custom_padding=&#8221;0px||0px||true|false&#8221; global_colors_info=&#8221;{}&#8221;][et_pb_column type=&#8221;1_2&#8243; _builder_version=&#8221;4.18.0&#8243; _module_preset=&#8221;default&#8221; background_color=&#8221;#F57323&#8243; custom_padding=&#8221;||||true|false&#8221; custom_css_main_element=&#8221;margin:auto;&#8221; global_colors_info=&#8221;{}&#8221;][difl_contentcarousel item_desktop=&#8221;1&#8243; item_tablet=&#8221;1&#8243; autoplay=&#8221;on&#8221; autospeed=&#8221;3600&#8243; dots=&#8221;on&#8221; dots_color=&#8221;#e2671f&#8221; active_dots_color=&#8221;#ffffff&#8221; _builder_version=&#8221;4.19.4&#8243; _module_preset=&#8221;default&#8221; height=&#8221;500px&#8221; custom_margin=&#8221;||||false|false&#8221; custom_padding=&#8221;70px|50px|90px|50px|false|true&#8221; global_colors_info=&#8221;{}&#8221;][difl_contentcarouselitem admin_label=&#8221;Mission&#8221; title=&#8221;Jard\u00edn Infantil&#8221; cc_button_button_url_new_window=&#8221;1&#8243; _builder_version=&#8221;4.19.4&#8243; _module_preset=&#8221;default&#8221; cc_title_font=&#8221;||||||||&#8221; cc_title_text_align=&#8221;center&#8221; cc_title_text_color=&#8221;#ffffff&#8221; cc_title_font_size=&#8221;30px&#8221; cc_content_font=&#8221;|300|on||||||&#8221; cc_content_text_align=&#8221;center&#8221; cc_content_text_color=&#8221;#ffffff&#8221; cc_content_font_size=&#8221;18px&#8221; global_colors_info=&#8221;{}&#8221;]<\/p>\n<p>KidS es una guarder\u00eda que promueve un ambiente feliz, enriquecedor y seguro donde los ni\u00f1os pueden divertirse, explorar, interactuar, socializar y aprender a trav\u00e9s del juego, las artes, la m\u00fasica y el movimiento.<\/p>\n<p>[\/difl_contentcarouselitem][difl_contentcarouselitem admin_label=&#8221;Mission&#8221; title=&#8221;Nuestra Vision&#8221; cc_button_button_url_new_window=&#8221;1&#8243; _builder_version=&#8221;4.19.4&#8243; _module_preset=&#8221;default&#8221; cc_title_font=&#8221;||||||||&#8221; cc_title_text_align=&#8221;center&#8221; cc_title_text_color=&#8221;#ffffff&#8221; cc_title_font_size=&#8221;30px&#8221; cc_content_font=&#8221;|300|on||||||&#8221; cc_content_text_align=&#8221;center&#8221; cc_content_text_color=&#8221;#ffffff&#8221; cc_content_font_size=&#8221;18px&#8221; global_colors_info=&#8221;{}&#8221;]<\/p>\n<p>Fomentamos el aprendizaje significativo mediante la exploraci\u00f3n, la creatividad, la resoluci\u00f3n de problemas y el pensamiento cr\u00edtico.<\/p>\n<p>[\/difl_contentcarouselitem][\/difl_contentcarousel][\/et_pb_column][et_pb_column type=&#8221;1_2&#8243; _builder_version=&#8221;4.19.4&#8243; _module_preset=&#8221;default&#8221; background_color=&#8221;#262453&#8243; background_image=&#8221;https:\/\/ksi-kids.com\/wp-content\/uploads\/2023\/01\/img-h.jpg&#8221; global_colors_info=&#8221;{}&#8221;][\/et_pb_column][\/et_pb_row][\/et_pb_section]<\/p>\n","protected":false},"excerpt":{"rendered":"<p>Bienvenido a nuestro mundoEthosKSI KidS es un jard\u00edn infantil innovador, l\u00fadico y de car\u00e1cter preventivo\u00a0centrado en la maduraci\u00f3n, el cual fomenta la participaci\u00f3n de los padres de familia y promueve [&hellip;]<\/p>\n","protected":false},"author":11,"featured_media":0,"parent":0,"menu_order":0,"comment_status":"closed","ping_status":"closed","template":"","meta":{"nf_dc_page":"","_et_pb_use_builder":"on","_et_pb_old_content":"","_et_gb_content_width":"","footnotes":""},"class_list":["post-279299","page","type-page","status-publish","hentry"],"aioseo_notices":[],"yoast_head":"<!-- This site is optimized with the Yoast SEO Premium plugin v27.1 (Yoast SEO v27.3) - https:\/\/yoast.com\/product\/yoast-seo-premium-wordpress\/ -->\n<title>Ethos - KSI KidS | KSI Bogota<\/title>\n<meta name=\"robots\" content=\"index, follow, max-snippet:-1, max-image-preview:large, max-video-preview:-1\" \/>\n<link rel=\"canonical\" href=\"https:\/\/ksi-kids.com\/es\/ethos\/\" \/>\n<meta property=\"og:locale\" content=\"es_ES\" \/>\n<meta property=\"og:type\" content=\"article\" \/>\n<meta property=\"og:title\" content=\"Ethos\" \/>\n<meta property=\"og:description\" content=\"Bienvenido a nuestro mundoEthosKSI KidS es un jard\u00edn infantil innovador, l\u00fadico y de car\u00e1cter preventivo\u00a0centrado en la maduraci\u00f3n, el cual fomenta la participaci\u00f3n de los padres de familia y promueve [&hellip;]\" \/>\n<meta property=\"og:site_name\" content=\"KSI KidS | KSI Bogota\" \/>\n<meta property=\"article:modified_time\" content=\"2025-01-16T20:06:09+00:00\" \/>\n<meta name=\"twitter:card\" content=\"summary_large_image\" \/>\n<meta name=\"twitter:label1\" content=\"Tiempo de lectura\" \/>\n\t<meta name=\"twitter:data1\" content=\"5 minutos\" \/>\n<script type=\"application\/ld+json\" class=\"yoast-schema-graph\">{\"@context\":\"https:\\\/\\\/schema.org\",\"@graph\":[{\"@type\":\"WebPage\",\"@id\":\"https:\\\/\\\/ksi-kids.com\\\/es\\\/ethos\\\/\",\"url\":\"https:\\\/\\\/ksi-kids.com\\\/es\\\/ethos\\\/\",\"name\":\"Ethos - KSI KidS | KSI Bogota\",\"isPartOf\":{\"@id\":\"https:\\\/\\\/ksi-kids.com\\\/es\\\/#website\"},\"datePublished\":\"2022-07-06T13:34:03+00:00\",\"dateModified\":\"2025-01-16T20:06:09+00:00\",\"breadcrumb\":{\"@id\":\"https:\\\/\\\/ksi-kids.com\\\/es\\\/ethos\\\/#breadcrumb\"},\"inLanguage\":\"es\",\"potentialAction\":[{\"@type\":\"ReadAction\",\"target\":[\"https:\\\/\\\/ksi-kids.com\\\/es\\\/ethos\\\/\"]}]},{\"@type\":\"BreadcrumbList\",\"@id\":\"https:\\\/\\\/ksi-kids.com\\\/es\\\/ethos\\\/#breadcrumb\",\"itemListElement\":[{\"@type\":\"ListItem\",\"position\":1,\"name\":\"Home\",\"item\":\"https:\\\/\\\/ksi-kids.com\\\/\"},{\"@type\":\"ListItem\",\"position\":2,\"name\":\"Ethos\"}]},{\"@type\":\"WebSite\",\"@id\":\"https:\\\/\\\/ksi-kids.com\\\/es\\\/#website\",\"url\":\"https:\\\/\\\/ksi-kids.com\\\/es\\\/\",\"name\":\"KSI KidS | KSI Bogota\",\"description\":\"Welcome to our World\",\"potentialAction\":[{\"@type\":\"SearchAction\",\"target\":{\"@type\":\"EntryPoint\",\"urlTemplate\":\"https:\\\/\\\/ksi-kids.com\\\/es\\\/?s={search_term_string}\"},\"query-input\":{\"@type\":\"PropertyValueSpecification\",\"valueRequired\":true,\"valueName\":\"search_term_string\"}}],\"inLanguage\":\"es\"}]}<\/script>\n<!-- \/ Yoast SEO Premium plugin. -->","yoast_head_json":{"title":"Ethos - KSI KidS | KSI Bogota","robots":{"index":"index","follow":"follow","max-snippet":"max-snippet:-1","max-image-preview":"max-image-preview:large","max-video-preview":"max-video-preview:-1"},"canonical":"https:\/\/ksi-kids.com\/es\/ethos\/","og_locale":"es_ES","og_type":"article","og_title":"Ethos","og_description":"Bienvenido a nuestro mundoEthosKSI KidS es un jard\u00edn infantil innovador, l\u00fadico y de car\u00e1cter preventivo\u00a0centrado en la maduraci\u00f3n, el cual fomenta la participaci\u00f3n de los padres de familia y promueve [&hellip;]","og_site_name":"KSI KidS | KSI Bogota","article_modified_time":"2025-01-16T20:06:09+00:00","twitter_card":"summary_large_image","twitter_misc":{"Tiempo de lectura":"5 minutos"},"schema":{"@context":"https:\/\/schema.org","@graph":[{"@type":"WebPage","@id":"https:\/\/ksi-kids.com\/es\/ethos\/","url":"https:\/\/ksi-kids.com\/es\/ethos\/","name":"Ethos - KSI KidS | KSI Bogota","isPartOf":{"@id":"https:\/\/ksi-kids.com\/es\/#website"},"datePublished":"2022-07-06T13:34:03+00:00","dateModified":"2025-01-16T20:06:09+00:00","breadcrumb":{"@id":"https:\/\/ksi-kids.com\/es\/ethos\/#breadcrumb"},"inLanguage":"es","potentialAction":[{"@type":"ReadAction","target":["https:\/\/ksi-kids.com\/es\/ethos\/"]}]},{"@type":"BreadcrumbList","@id":"https:\/\/ksi-kids.com\/es\/ethos\/#breadcrumb","itemListElement":[{"@type":"ListItem","position":1,"name":"Home","item":"https:\/\/ksi-kids.com\/"},{"@type":"ListItem","position":2,"name":"Ethos"}]},{"@type":"WebSite","@id":"https:\/\/ksi-kids.com\/es\/#website","url":"https:\/\/ksi-kids.com\/es\/","name":"KSI KidS | KSI Bogota","description":"Welcome to our World","potentialAction":[{"@type":"SearchAction","target":{"@type":"EntryPoint","urlTemplate":"https:\/\/ksi-kids.com\/es\/?s={search_term_string}"},"query-input":{"@type":"PropertyValueSpecification","valueRequired":true,"valueName":"search_term_string"}}],"inLanguage":"es"}]}},"jetpack_sharing_enabled":true,"_links":{"self":[{"href":"https:\/\/ksi-kids.com\/es\/wp-json\/wp\/v2\/pages\/279299","targetHints":{"allow":["GET"]}}],"collection":[{"href":"https:\/\/ksi-kids.com\/es\/wp-json\/wp\/v2\/pages"}],"about":[{"href":"https:\/\/ksi-kids.com\/es\/wp-json\/wp\/v2\/types\/page"}],"author":[{"embeddable":true,"href":"https:\/\/ksi-kids.com\/es\/wp-json\/wp\/v2\/users\/11"}],"replies":[{"embeddable":true,"href":"https:\/\/ksi-kids.com\/es\/wp-json\/wp\/v2\/comments?post=279299"}],"version-history":[{"count":3,"href":"https:\/\/ksi-kids.com\/es\/wp-json\/wp\/v2\/pages\/279299\/revisions"}],"predecessor-version":[{"id":296474,"href":"https:\/\/ksi-kids.com\/es\/wp-json\/wp\/v2\/pages\/279299\/revisions\/296474"}],"wp:attachment":[{"href":"https:\/\/ksi-kids.com\/es\/wp-json\/wp\/v2\/media?parent=279299"}],"curies":[{"name":"wp","href":"https:\/\/api.w.org\/{rel}","templated":true}]}}