{"id":279293,"date":"2022-07-13T20:38:43","date_gmt":"2022-07-14T01:38:43","guid":{"rendered":"https:\/\/ebf25e71b2.nxcli.io\/facilities\/"},"modified":"2025-09-15T11:56:40","modified_gmt":"2025-09-15T16:56:40","slug":"nuestras-instalaciones","status":"publish","type":"page","link":"https:\/\/ksi-kids.com\/es\/nuestras-instalaciones\/","title":{"rendered":"Instalaciones"},"content":{"rendered":"<p>[et_pb_section fb_built=&#8221;1&#8243; fullwidth=&#8221;on&#8221; _builder_version=&#8221;4.16&#8243; _module_preset=&#8221;default&#8221; da_disable_devices=&#8221;off|off|off&#8221; global_colors_info=&#8221;{}&#8221; da_is_popup=&#8221;off&#8221; da_exit_intent=&#8221;off&#8221; da_has_close=&#8221;on&#8221; da_alt_close=&#8221;off&#8221; da_dark_close=&#8221;off&#8221; da_not_modal=&#8221;on&#8221; da_is_singular=&#8221;off&#8221; da_with_loader=&#8221;off&#8221; da_has_shadow=&#8221;on&#8221;][et_pb_fullwidth_slider _builder_version=&#8221;4.21.0&#8243; _module_preset=&#8221;default&#8221; height=&#8221;550px&#8221; height_tablet=&#8221;500px&#8221; height_phone=&#8221;350px&#8221; height_last_edited=&#8221;on|phone&#8221; global_colors_info=&#8221;{}&#8221;][et_pb_slide _builder_version=&#8221;4.21.0&#8243; _module_preset=&#8221;default&#8221; background_color=&#8221;#262453&#8243; background_enable_color=&#8221;on&#8221; background_image=&#8221;https:\/\/ksi-kids.com\/wp-content\/uploads\/2025\/01\/Video-Cuenta-atras-Moderno-Animado-Negro-3.jpg&#8221; background_enable_image=&#8221;on&#8221; global_colors_info=&#8221;{}&#8221; sticky_transition=&#8221;on&#8221;][\/et_pb_slide][\/et_pb_fullwidth_slider][\/et_pb_section][et_pb_section fb_built=&#8221;1&#8243; _builder_version=&#8221;4.16&#8243; _module_preset=&#8221;default&#8221; custom_padding=&#8221;||0px|||&#8221; da_disable_devices=&#8221;off|off|off&#8221; global_colors_info=&#8221;{}&#8221; da_is_popup=&#8221;off&#8221; da_exit_intent=&#8221;off&#8221; da_has_close=&#8221;on&#8221; da_alt_close=&#8221;off&#8221; da_dark_close=&#8221;off&#8221; da_not_modal=&#8221;on&#8221; da_is_singular=&#8221;off&#8221; da_with_loader=&#8221;off&#8221; da_has_shadow=&#8221;on&#8221;][et_pb_row use_custom_gutter=&#8221;on&#8221; make_equal=&#8221;on&#8221; _builder_version=&#8221;4.16&#8243; _module_preset=&#8221;default&#8221; width_tablet=&#8221;80%&#8221; width_phone=&#8221;80%&#8221; width_last_edited=&#8221;on|phone&#8221; custom_padding=&#8221;0px||0px|||&#8221; global_colors_info=&#8221;{}&#8221;][et_pb_column type=&#8221;4_4&#8243; _builder_version=&#8221;4.16&#8243; _module_preset=&#8221;default&#8221; global_colors_info=&#8221;{}&#8221;][et_pb_text _builder_version=&#8221;4.19.4&#8243; _module_preset=&#8221;default&#8221; text_font=&#8221;|600||on|||||&#8221; text_text_color=&#8221;#F57323&#8243; text_font_size=&#8221;12px&#8221; text_letter_spacing=&#8221;1px&#8221; custom_margin=&#8221;||10px||false|false&#8221; global_colors_info=&#8221;{}&#8221;]<\/p>\n<p>Para los alumnos<\/p>\n<p>[\/et_pb_text][et_pb_text _builder_version=&#8221;4.21.0&#8243; _module_preset=&#8221;default&#8221; header_text_align=&#8221;left&#8221; custom_margin=&#8221;||10px||false|false&#8221; global_colors_info=&#8221;{}&#8221;]<\/p>\n<h1><strong>Sedes<\/strong><\/h1>\n<p>[\/et_pb_text][\/et_pb_column][\/et_pb_row][et_pb_row column_structure=&#8221;1_2,1_2&#8243; _builder_version=&#8221;4.27.4&#8243; _module_preset=&#8221;default&#8221; hover_enabled=&#8221;0&#8243; global_colors_info=&#8221;{}&#8221; sticky_enabled=&#8221;0&#8243;][et_pb_column type=&#8221;1_2&#8243; _builder_version=&#8221;4.16&#8243; _module_preset=&#8221;default&#8221; global_colors_info=&#8221;{}&#8221;][et_pb_text _builder_version=&#8221;4.21.0&#8243; _module_preset=&#8221;default&#8221; text_font=&#8221;|300|||||||&#8221; global_colors_info=&#8221;{}&#8221;]<\/p>\n<p><span style=\"font-weight: 400;\">Estamos orgullosos de tener una sede ubicada junto con nuestra instituci\u00f3n hermana Knightsbridge Schools International Bogot\u00e1, para la comodidad de las familias que viven en Guaymaral o cerca en Bogot\u00e1.<\/span><\/p>\n<p><b>KidS Guaymaral<\/b><\/p>\n<p><span style=\"font-weight: 400;\">Compartimos esta sede con nuestra instituci\u00f3n hermana, lo que le permite a nuestros estudiantes desde su ingreso, estar en contacto con un ambiente escolar. Nuestros estudiantes tienen acceso a los recursos e instalaciones del colegio, lo que les permite hacer parte de sus celebraciones y eventos. Ofrecemos a nuestros estudiantes la oportunidad de prepararlos para su transici\u00f3n al colegio, ya que tienen la oportunidad de asistir a clases con estudiantes\u00a0 de \u201creception\u201d (pre kinder), promoviendo su independencia y desarrollando su confianza en s\u00ed mismos. Adicionalmente, las familias con hijos mayores, tienen la posibilidad de tener a los hermanos en la misma sede, con horarios y rutinas similares.<\/span><\/p>\n<p><span style=\"font-weight: 400;\">Nuestra sede en Guaymaral ofrece amplias zonas verdes, parques, canchas de usos m\u00faltiples y modernos salones para los ni\u00f1os entre los 10 meses y los 5 a\u00f1os.<\/span><\/p>\n<p>[\/et_pb_text][\/et_pb_column][et_pb_column type=&#8221;1_2&#8243; _builder_version=&#8221;4.27.4&#8243; _module_preset=&#8221;default&#8221; hover_enabled=&#8221;0&#8243; global_colors_info=&#8221;{}&#8221; sticky_enabled=&#8221;0&#8243;][\/et_pb_column][\/et_pb_row][et_pb_row _builder_version=&#8221;4.16&#8243; _module_preset=&#8221;default&#8221; width=&#8221;100%&#8221; max_width=&#8221;100%&#8221; custom_margin=&#8221;||||false|false&#8221; custom_padding=&#8221;||0px||false|false&#8221; global_colors_info=&#8221;{}&#8221;][et_pb_column type=&#8221;4_4&#8243; _builder_version=&#8221;4.16&#8243; _module_preset=&#8221;default&#8221; global_colors_info=&#8221;{}&#8221;][difl_imageaccordion event_type=&#8221;mouseover&#8221; _builder_version=&#8221;4.27.4&#8243; _module_preset=&#8221;default&#8221; hover_enabled=&#8221;0&#8243; global_colors_info=&#8221;{}&#8221; event_type__hover=&#8221;1px||||false|false&#8221; event_type__hover_enabled=&#8221;on|hover&#8221; sticky_enabled=&#8221;0&#8243;][difl_imageaccordionitem ia_image_background_image_position=&#8221;top_center&#8221; ia_button_button_url_new_window=&#8221;1&#8243; _builder_version=&#8221;4.27.4&#8243; _module_preset=&#8221;default&#8221; hover_enabled=&#8221;0&#8243; global_colors_info=&#8221;{}&#8221; title_text=&#8221;20250815 120842&#8243; ia_image_background_image=&#8221;https:\/\/ksi-kids.com\/wp-content\/uploads\/2025\/09\/20250815_120842-scaled.jpg&#8221; sticky_enabled=&#8221;0&#8243;][\/difl_imageaccordionitem][difl_imageaccordionitem ia_button_button_url_new_window=&#8221;1&#8243; _builder_version=&#8221;4.27.4&#8243; _module_preset=&#8221;default&#8221; hover_enabled=&#8221;0&#8243; global_colors_info=&#8221;{}&#8221; title_text=&#8221;20250815 113548&#8243; ia_image_background_image=&#8221;https:\/\/ksi-kids.com\/wp-content\/uploads\/2025\/09\/20250815_113548-scaled.jpg&#8221; sticky_enabled=&#8221;0&#8243;][\/difl_imageaccordionitem][difl_imageaccordionitem ia_button_button_url_new_window=&#8221;1&#8243; _builder_version=&#8221;4.27.4&#8243; _module_preset=&#8221;default&#8221; hover_enabled=&#8221;0&#8243; global_colors_info=&#8221;{}&#8221; title_text=&#8221;20250815 115119&#8243; ia_image_background_image=&#8221;https:\/\/ksi-kids.com\/wp-content\/uploads\/2025\/09\/20250815_115119-scaled.jpg&#8221; sticky_enabled=&#8221;0&#8243;][\/difl_imageaccordionitem][difl_imageaccordionitem ia_button_button_url_new_window=&#8221;1&#8243; _builder_version=&#8221;4.27.4&#8243; _module_preset=&#8221;default&#8221; hover_enabled=&#8221;0&#8243; global_colors_info=&#8221;{}&#8221; title_text=&#8221;20250912 143651&#8243; ia_image_background_image=&#8221;https:\/\/ksi-kids.com\/wp-content\/uploads\/2025\/09\/20250912_143651-scaled.jpg&#8221; sticky_enabled=&#8221;0&#8243;][\/difl_imageaccordionitem][difl_imageaccordionitem ia_button_button_url_new_window=&#8221;1&#8243; _builder_version=&#8221;4.27.4&#8243; _module_preset=&#8221;default&#8221; hover_enabled=&#8221;0&#8243; global_colors_info=&#8221;{}&#8221; title_text=&#8221;20250912 144255&#8243; ia_image_background_image=&#8221;https:\/\/ksi-kids.com\/wp-content\/uploads\/2025\/09\/20250912_144255-scaled.jpg&#8221; sticky_enabled=&#8221;0&#8243;][\/difl_imageaccordionitem][difl_imageaccordionitem ia_button_button_url_new_window=&#8221;1&#8243; _builder_version=&#8221;4.27.4&#8243; _module_preset=&#8221;default&#8221; hover_enabled=&#8221;0&#8243; global_colors_info=&#8221;{}&#8221; title_text=&#8221;20250912 144636&#8243; ia_image_background_image=&#8221;https:\/\/ksi-kids.com\/wp-content\/uploads\/2025\/09\/20250912_144636-scaled.jpg&#8221; sticky_enabled=&#8221;0&#8243;][\/difl_imageaccordionitem][difl_imageaccordionitem ia_button_button_url_new_window=&#8221;1&#8243; _builder_version=&#8221;4.27.4&#8243; _module_preset=&#8221;default&#8221; hover_enabled=&#8221;0&#8243; global_colors_info=&#8221;{}&#8221; title_text=&#8221;20250912 144819&#8243; ia_image_background_image=&#8221;https:\/\/ksi-kids.com\/wp-content\/uploads\/2025\/09\/20250912_144819-scaled.jpg&#8221; sticky_enabled=&#8221;0&#8243;][\/difl_imageaccordionitem][difl_imageaccordionitem ia_button_button_url_new_window=&#8221;1&#8243; _builder_version=&#8221;4.27.4&#8243; _module_preset=&#8221;default&#8221; hover_enabled=&#8221;0&#8243; global_colors_info=&#8221;{}&#8221; title_text=&#8221;20250912 145150&#8243; sticky_enabled=&#8221;0&#8243; ia_image_background_image=&#8221;https:\/\/ksi-kids.com\/wp-content\/uploads\/2025\/09\/20250912_145150-scaled.jpg&#8221;][\/difl_imageaccordionitem][difl_imageaccordionitem ia_button_button_url_new_window=&#8221;1&#8243; _builder_version=&#8221;4.27.4&#8243; _module_preset=&#8221;default&#8221; hover_enabled=&#8221;0&#8243; global_colors_info=&#8221;{}&#8221; title_text=&#8221;20250912 145246&#8243; sticky_enabled=&#8221;0&#8243; ia_image_background_image=&#8221;https:\/\/ksi-kids.com\/wp-content\/uploads\/2025\/09\/20250912_145246-scaled.jpg&#8221;][\/difl_imageaccordionitem][\/difl_imageaccordion][\/et_pb_column][\/et_pb_row][\/et_pb_section]<\/p>\n","protected":false},"excerpt":{"rendered":"<p>Para los alumnosSedesEstamos orgullosos de tener una sede ubicada junto con nuestra instituci\u00f3n hermana Knightsbridge Schools International Bogot\u00e1, para la comodidad de las familias que viven en Guaymaral o cerca [&hellip;]<\/p>\n","protected":false},"author":11,"featured_media":0,"parent":0,"menu_order":0,"comment_status":"closed","ping_status":"closed","template":"","meta":{"nf_dc_page":"","_et_pb_use_builder":"on","_et_pb_old_content":"","_et_gb_content_width":"","footnotes":""},"class_list":["post-279293","page","type-page","status-publish","hentry"],"aioseo_notices":[],"yoast_head":"<!-- This site is optimized with the Yoast SEO Premium plugin v27.1 (Yoast SEO v27.6) - https:\/\/yoast.com\/product\/yoast-seo-premium-wordpress\/ -->\n<title>Instalaciones - KSI KidS | KSI Bogota<\/title>\n<meta name=\"robots\" content=\"index, follow, max-snippet:-1, max-image-preview:large, max-video-preview:-1\" \/>\n<link rel=\"canonical\" href=\"https:\/\/ksi-kids.com\/campus\/\" \/>\n<meta property=\"og:locale\" content=\"es_ES\" \/>\n<meta property=\"og:type\" content=\"article\" \/>\n<meta property=\"og:title\" content=\"Instalaciones\" \/>\n<meta property=\"og:description\" content=\"Para los alumnosSedesEstamos orgullosos de tener una sede ubicada junto con nuestra instituci\u00f3n hermana Knightsbridge Schools International Bogot\u00e1, para la comodidad de las familias que viven en Guaymaral o cerca [&hellip;]\" \/>\n<meta property=\"og:site_name\" content=\"KSI KidS | KSI Bogota\" \/>\n<meta property=\"article:modified_time\" content=\"2025-09-15T16:56:40+00:00\" \/>\n<meta name=\"twitter:card\" content=\"summary_large_image\" \/>\n<meta name=\"twitter:label1\" content=\"Tiempo de lectura\" \/>\n\t<meta name=\"twitter:data1\" content=\"5 minutos\" \/>\n<script type=\"application\/ld+json\" class=\"yoast-schema-graph\">{\"@context\":\"https:\\\/\\\/schema.org\",\"@graph\":[{\"@type\":\"WebPage\",\"@id\":\"https:\\\/\\\/ksi-kids.com\\\/campus\\\/\",\"url\":\"https:\\\/\\\/ksi-kids.com\\\/campus\\\/\",\"name\":\"Instalaciones - KSI KidS | KSI Bogota\",\"isPartOf\":{\"@id\":\"https:\\\/\\\/ksi-kids.com\\\/es\\\/#website\"},\"datePublished\":\"2022-07-14T01:38:43+00:00\",\"dateModified\":\"2025-09-15T16:56:40+00:00\",\"breadcrumb\":{\"@id\":\"https:\\\/\\\/ksi-kids.com\\\/campus\\\/#breadcrumb\"},\"inLanguage\":\"es\",\"potentialAction\":[{\"@type\":\"ReadAction\",\"target\":[\"https:\\\/\\\/ksi-kids.com\\\/campus\\\/\"]}]},{\"@type\":\"BreadcrumbList\",\"@id\":\"https:\\\/\\\/ksi-kids.com\\\/campus\\\/#breadcrumb\",\"itemListElement\":[{\"@type\":\"ListItem\",\"position\":1,\"name\":\"Home\",\"item\":\"https:\\\/\\\/ksi-kids.com\\\/\"},{\"@type\":\"ListItem\",\"position\":2,\"name\":\"Instalaciones\"}]},{\"@type\":\"WebSite\",\"@id\":\"https:\\\/\\\/ksi-kids.com\\\/es\\\/#website\",\"url\":\"https:\\\/\\\/ksi-kids.com\\\/es\\\/\",\"name\":\"KSI KidS | KSI Bogota\",\"description\":\"Welcome to our World\",\"potentialAction\":[{\"@type\":\"SearchAction\",\"target\":{\"@type\":\"EntryPoint\",\"urlTemplate\":\"https:\\\/\\\/ksi-kids.com\\\/es\\\/?s={search_term_string}\"},\"query-input\":{\"@type\":\"PropertyValueSpecification\",\"valueRequired\":true,\"valueName\":\"search_term_string\"}}],\"inLanguage\":\"es\"}]}<\/script>\n<!-- \/ Yoast SEO Premium plugin. -->","yoast_head_json":{"title":"Instalaciones - KSI KidS | KSI Bogota","robots":{"index":"index","follow":"follow","max-snippet":"max-snippet:-1","max-image-preview":"max-image-preview:large","max-video-preview":"max-video-preview:-1"},"canonical":"https:\/\/ksi-kids.com\/campus\/","og_locale":"es_ES","og_type":"article","og_title":"Instalaciones","og_description":"Para los alumnosSedesEstamos orgullosos de tener una sede ubicada junto con nuestra instituci\u00f3n hermana Knightsbridge Schools International Bogot\u00e1, para la comodidad de las familias que viven en Guaymaral o cerca [&hellip;]","og_site_name":"KSI KidS | KSI Bogota","article_modified_time":"2025-09-15T16:56:40+00:00","twitter_card":"summary_large_image","twitter_misc":{"Tiempo de lectura":"5 minutos"},"schema":{"@context":"https:\/\/schema.org","@graph":[{"@type":"WebPage","@id":"https:\/\/ksi-kids.com\/campus\/","url":"https:\/\/ksi-kids.com\/campus\/","name":"Instalaciones - KSI KidS | KSI Bogota","isPartOf":{"@id":"https:\/\/ksi-kids.com\/es\/#website"},"datePublished":"2022-07-14T01:38:43+00:00","dateModified":"2025-09-15T16:56:40+00:00","breadcrumb":{"@id":"https:\/\/ksi-kids.com\/campus\/#breadcrumb"},"inLanguage":"es","potentialAction":[{"@type":"ReadAction","target":["https:\/\/ksi-kids.com\/campus\/"]}]},{"@type":"BreadcrumbList","@id":"https:\/\/ksi-kids.com\/campus\/#breadcrumb","itemListElement":[{"@type":"ListItem","position":1,"name":"Home","item":"https:\/\/ksi-kids.com\/"},{"@type":"ListItem","position":2,"name":"Instalaciones"}]},{"@type":"WebSite","@id":"https:\/\/ksi-kids.com\/es\/#website","url":"https:\/\/ksi-kids.com\/es\/","name":"KSI KidS | KSI Bogota","description":"Welcome to our World","potentialAction":[{"@type":"SearchAction","target":{"@type":"EntryPoint","urlTemplate":"https:\/\/ksi-kids.com\/es\/?s={search_term_string}"},"query-input":{"@type":"PropertyValueSpecification","valueRequired":true,"valueName":"search_term_string"}}],"inLanguage":"es"}]}},"jetpack_sharing_enabled":true,"_links":{"self":[{"href":"https:\/\/ksi-kids.com\/es\/wp-json\/wp\/v2\/pages\/279293","targetHints":{"allow":["GET"]}}],"collection":[{"href":"https:\/\/ksi-kids.com\/es\/wp-json\/wp\/v2\/pages"}],"about":[{"href":"https:\/\/ksi-kids.com\/es\/wp-json\/wp\/v2\/types\/page"}],"author":[{"embeddable":true,"href":"https:\/\/ksi-kids.com\/es\/wp-json\/wp\/v2\/users\/11"}],"replies":[{"embeddable":true,"href":"https:\/\/ksi-kids.com\/es\/wp-json\/wp\/v2\/comments?post=279293"}],"version-history":[{"count":4,"href":"https:\/\/ksi-kids.com\/es\/wp-json\/wp\/v2\/pages\/279293\/revisions"}],"predecessor-version":[{"id":296964,"href":"https:\/\/ksi-kids.com\/es\/wp-json\/wp\/v2\/pages\/279293\/revisions\/296964"}],"wp:attachment":[{"href":"https:\/\/ksi-kids.com\/es\/wp-json\/wp\/v2\/media?parent=279293"}],"curies":[{"name":"wp","href":"https:\/\/api.w.org\/{rel}","templated":true}]}}